{"id":53,"date":"2016-11-28T10:00:00","date_gmt":"2016-11-28T09:00:00","guid":{"rendered":"https:\/\/diversoimpex.hr\/?page_id=53"},"modified":"2020-04-27T12:31:36","modified_gmt":"2020-04-27T10:31:36","slug":"simulator","status":"publish","type":"page","link":"https:\/\/diversoimpex.hr\/en\/maritime-training-courses\/supplementary-authorizations\/simulator\/","title":{"rendered":"Simulator"},"content":{"rendered":"<p>Diverso Impex hold some courses on <a href=\"https:\/\/www.kongsberg.com\/digital\/products\/maritime-simulation\/k-sim-navigation\/\" target=\"_blank\" rel=\"noopener noreferrer\">Kongsberg Polaris ships bridge simulator<\/a>. Please take a look at video clip to see simulator in action.<br \/>\n<iframe loading=\"lazy\" src=\"https:\/\/www.youtube.com\/embed\/xpx81Oyv1HM?rel=0&amp;showinfo=0\" width=\"560\" height=\"315\" frameborder=\"0\" allowfullscreen=\"allowfullscreen\"><\/iframe><\/p>\n<p>Beside above presented Konsberg simulator we have full classroom dediacted to Radar\/Arpa simulation with dual monitor workstation as well as 2 connected Transas full mission bridge simulator as most advanced simulators in region. Beside navigational simulators we have all kinds of cargo handling simulators and full engine simulator.<\/p>\n<p><img loading=\"lazy\" decoding=\"async\" class=\"aligncenter size-large wp-image-5501\" src=\"https:\/\/diversoimpex.hr\/wp-content\/uploads\/2019\/04\/panorama-fmb-1024x283.jpg\" alt=\"\" width=\"750\" height=\"207\" srcset=\"https:\/\/diversoimpex.hr\/wp-content\/uploads\/2019\/04\/panorama-fmb-1024x283.jpg 1024w, https:\/\/diversoimpex.hr\/wp-content\/uploads\/2019\/04\/panorama-fmb-300x83.jpg 300w, https:\/\/diversoimpex.hr\/wp-content\/uploads\/2019\/04\/panorama-fmb-100x28.jpg 100w, https:\/\/diversoimpex.hr\/wp-content\/uploads\/2019\/04\/panorama-fmb-150x42.jpg 150w, https:\/\/diversoimpex.hr\/wp-content\/uploads\/2019\/04\/panorama-fmb-200x55.jpg 200w, https:\/\/diversoimpex.hr\/wp-content\/uploads\/2019\/04\/panorama-fmb-450x125.jpg 450w, https:\/\/diversoimpex.hr\/wp-content\/uploads\/2019\/04\/panorama-fmb-600x166.jpg 600w, https:\/\/diversoimpex.hr\/wp-content\/uploads\/2019\/04\/panorama-fmb-900x249.jpg 900w\" sizes=\"auto, (max-width: 750px) 100vw, 750px\" \/><\/p>\n<h2>List of maritime courses held with simulator:<\/h2>\n<p><\/p>","protected":false},"excerpt":{"rendered":"<p>Diverso Impex hold some courses on Kongsberg Polaris ships bridge simulator. Please take a look at video clip to see simulator in action. Beside above presented Konsberg simulator we have full classroom dediacted to Radar\/Arpa simulation with dual monitor workstation &#8230;<\/p>\n<a class=\"read-more-btn\" href=\"https:\/\/diversoimpex.hr\/en\/maritime-training-courses\/supplementary-authorizations\/simulator\/\">Read more &#8250;&#8250;<\/a>","protected":false},"author":2,"featured_media":0,"parent":33,"menu_order":5,"comment_status":"closed","ping_status":"closed","template":"","meta":{"inline_featured_image":false,"footnotes":""},"class_list":["post-53","page","type-page","status-publish","hentry"],"yoast_head":"<!-- This site is optimized with the Yoast SEO plugin v27.4 - https:\/\/yoast.com\/product\/yoast-seo-wordpress\/ -->\n<title>Simulator - Diverso Impex<\/title>\n<meta name=\"description\" content=\"Diverso Impex svoje pomorske te\u010dajeve odr\u017eava na Kongsbergovom Polaris ships bridge simulatoru. Simulator je uskla\u0111en sa STCW konvencijom\" \/>\n<meta name=\"robots\" content=\"index, follow, max-snippet:-1, max-image-preview:large, max-video-preview:-1\" \/>\n<link rel=\"canonical\" href=\"https:\/\/diversoimpex.hr\/en\/maritime-training-courses\/supplementary-authorizations\/simulator\/\" \/>\n<meta name=\"twitter:label1\" content=\"Est. reading time\" \/>\n\t<meta name=\"twitter:data1\" content=\"1 minute\" \/>\n<script type=\"application\/ld+json\" class=\"yoast-schema-graph\">{\"@context\":\"https:\\\/\\\/schema.org\",\"@graph\":[{\"@type\":\"WebPage\",\"@id\":\"https:\\\/\\\/diversoimpex.hr\\\/en\\\/maritime-training-courses\\\/supplementary-authorizations\\\/simulator\\\/\",\"url\":\"https:\\\/\\\/diversoimpex.hr\\\/en\\\/maritime-training-courses\\\/supplementary-authorizations\\\/simulator\\\/\",\"name\":\"[:hr]Simulator [:en]Simulator[:] - Diverso Impex\",\"isPartOf\":{\"@id\":\"https:\\\/\\\/diversoimpex.hr\\\/#website\"},\"primaryImageOfPage\":{\"@id\":\"https:\\\/\\\/diversoimpex.hr\\\/en\\\/maritime-training-courses\\\/supplementary-authorizations\\\/simulator\\\/#primaryimage\"},\"image\":{\"@id\":\"https:\\\/\\\/diversoimpex.hr\\\/en\\\/maritime-training-courses\\\/supplementary-authorizations\\\/simulator\\\/#primaryimage\"},\"thumbnailUrl\":\"https:\\\/\\\/diversoimpex.hr\\\/wp-content\\\/uploads\\\/2019\\\/04\\\/panorama-fmb-1024x283.jpg\",\"datePublished\":\"2016-11-28T09:00:00+00:00\",\"dateModified\":\"2020-04-27T10:31:36+00:00\",\"description\":\"Diverso Impex svoje pomorske te\u010dajeve odr\u017eava na Kongsbergovom Polaris ships bridge simulatoru. Simulator je uskla\u0111en sa STCW konvencijom\",\"breadcrumb\":{\"@id\":\"https:\\\/\\\/diversoimpex.hr\\\/en\\\/maritime-training-courses\\\/supplementary-authorizations\\\/simulator\\\/#breadcrumb\"},\"inLanguage\":\"en-US\",\"potentialAction\":[{\"@type\":\"ReadAction\",\"target\":[\"https:\\\/\\\/diversoimpex.hr\\\/en\\\/maritime-training-courses\\\/supplementary-authorizations\\\/simulator\\\/\"]}]},{\"@type\":\"ImageObject\",\"inLanguage\":\"en-US\",\"@id\":\"https:\\\/\\\/diversoimpex.hr\\\/en\\\/maritime-training-courses\\\/supplementary-authorizations\\\/simulator\\\/#primaryimage\",\"url\":\"https:\\\/\\\/diversoimpex.hr\\\/wp-content\\\/uploads\\\/2019\\\/04\\\/panorama-fmb-1024x283.jpg\",\"contentUrl\":\"https:\\\/\\\/diversoimpex.hr\\\/wp-content\\\/uploads\\\/2019\\\/04\\\/panorama-fmb-1024x283.jpg\"},{\"@type\":\"BreadcrumbList\",\"@id\":\"https:\\\/\\\/diversoimpex.hr\\\/en\\\/maritime-training-courses\\\/supplementary-authorizations\\\/simulator\\\/#breadcrumb\",\"itemListElement\":[{\"@type\":\"ListItem\",\"position\":1,\"name\":\"Home\",\"item\":\"https:\\\/\\\/diversoimpex.hr\\\/\"},{\"@type\":\"ListItem\",\"position\":2,\"name\":\"Maritime training courses for seafarers\",\"item\":\"https:\\\/\\\/diversoimpex.hr\\\/en\\\/maritime-training-courses\\\/\"},{\"@type\":\"ListItem\",\"position\":3,\"name\":\"Dopunska ovla\u0161tenja\",\"item\":\"https:\\\/\\\/diversoimpex.hr\\\/en\\\/maritime-training-courses\\\/supplementary-authorizations\\\/\"},{\"@type\":\"ListItem\",\"position\":4,\"name\":\"Simulator\"}]},{\"@type\":\"WebSite\",\"@id\":\"https:\\\/\\\/diversoimpex.hr\\\/#website\",\"url\":\"https:\\\/\\\/diversoimpex.hr\\\/\",\"name\":\"Diverso Impex\",\"description\":\"Maritime training and crewing center\",\"publisher\":{\"@id\":\"https:\\\/\\\/diversoimpex.hr\\\/#organization\"},\"potentialAction\":[{\"@type\":\"SearchAction\",\"target\":{\"@type\":\"EntryPoint\",\"urlTemplate\":\"https:\\\/\\\/diversoimpex.hr\\\/?s={search_term_string}\"},\"query-input\":{\"@type\":\"PropertyValueSpecification\",\"valueRequired\":true,\"valueName\":\"search_term_string\"}}],\"inLanguage\":\"en-US\"},{\"@type\":\"Organization\",\"@id\":\"https:\\\/\\\/diversoimpex.hr\\\/#organization\",\"name\":\"Diverso Impex\",\"url\":\"https:\\\/\\\/diversoimpex.hr\\\/\",\"logo\":{\"@type\":\"ImageObject\",\"inLanguage\":\"en-US\",\"@id\":\"https:\\\/\\\/diversoimpex.hr\\\/#\\\/schema\\\/logo\\\/image\\\/\",\"url\":\"https:\\\/\\\/diversoimpex.hr\\\/wp-content\\\/uploads\\\/2015\\\/04\\\/diverso-impex-logo.png\",\"contentUrl\":\"https:\\\/\\\/diversoimpex.hr\\\/wp-content\\\/uploads\\\/2015\\\/04\\\/diverso-impex-logo.png\",\"width\":800,\"height\":800,\"caption\":\"Diverso Impex\"},\"image\":{\"@id\":\"https:\\\/\\\/diversoimpex.hr\\\/#\\\/schema\\\/logo\\\/image\\\/\"},\"sameAs\":[\"https:\\\/\\\/www.facebook.com\\\/diversoimpex\",\"https:\\\/\\\/x.com\\\/diversoimpex\",\"https:\\\/\\\/www.youtube.com\\\/channel\\\/UCKmwcYNa3OOaWIda-hEOylQ\"]}]}<\/script>\n<!-- \/ Yoast SEO plugin. -->","yoast_head_json":{"title":"[:hr]Simulator [:en]Simulator[:] - Diverso Impex","description":"Diverso Impex svoje pomorske te\u010dajeve odr\u017eava na Kongsbergovom Polaris ships bridge simulatoru. Simulator je uskla\u0111en sa STCW konvencijom","robots":{"index":"index","follow":"follow","max-snippet":"max-snippet:-1","max-image-preview":"max-image-preview:large","max-video-preview":"max-video-preview:-1"},"canonical":"https:\/\/diversoimpex.hr\/en\/maritime-training-courses\/supplementary-authorizations\/simulator\/","twitter_misc":{"Est. reading time":"1 minute"},"schema":{"@context":"https:\/\/schema.org","@graph":[{"@type":"WebPage","@id":"https:\/\/diversoimpex.hr\/en\/maritime-training-courses\/supplementary-authorizations\/simulator\/","url":"https:\/\/diversoimpex.hr\/en\/maritime-training-courses\/supplementary-authorizations\/simulator\/","name":"[:hr]Simulator [:en]Simulator[:] - Diverso Impex","isPartOf":{"@id":"https:\/\/diversoimpex.hr\/#website"},"primaryImageOfPage":{"@id":"https:\/\/diversoimpex.hr\/en\/maritime-training-courses\/supplementary-authorizations\/simulator\/#primaryimage"},"image":{"@id":"https:\/\/diversoimpex.hr\/en\/maritime-training-courses\/supplementary-authorizations\/simulator\/#primaryimage"},"thumbnailUrl":"https:\/\/diversoimpex.hr\/wp-content\/uploads\/2019\/04\/panorama-fmb-1024x283.jpg","datePublished":"2016-11-28T09:00:00+00:00","dateModified":"2020-04-27T10:31:36+00:00","description":"Diverso Impex svoje pomorske te\u010dajeve odr\u017eava na Kongsbergovom Polaris ships bridge simulatoru. Simulator je uskla\u0111en sa STCW konvencijom","breadcrumb":{"@id":"https:\/\/diversoimpex.hr\/en\/maritime-training-courses\/supplementary-authorizations\/simulator\/#breadcrumb"},"inLanguage":"en-US","potentialAction":[{"@type":"ReadAction","target":["https:\/\/diversoimpex.hr\/en\/maritime-training-courses\/supplementary-authorizations\/simulator\/"]}]},{"@type":"ImageObject","inLanguage":"en-US","@id":"https:\/\/diversoimpex.hr\/en\/maritime-training-courses\/supplementary-authorizations\/simulator\/#primaryimage","url":"https:\/\/diversoimpex.hr\/wp-content\/uploads\/2019\/04\/panorama-fmb-1024x283.jpg","contentUrl":"https:\/\/diversoimpex.hr\/wp-content\/uploads\/2019\/04\/panorama-fmb-1024x283.jpg"},{"@type":"BreadcrumbList","@id":"https:\/\/diversoimpex.hr\/en\/maritime-training-courses\/supplementary-authorizations\/simulator\/#breadcrumb","itemListElement":[{"@type":"ListItem","position":1,"name":"Home","item":"https:\/\/diversoimpex.hr\/"},{"@type":"ListItem","position":2,"name":"Maritime training courses for seafarers","item":"https:\/\/diversoimpex.hr\/en\/maritime-training-courses\/"},{"@type":"ListItem","position":3,"name":"Dopunska ovla\u0161tenja","item":"https:\/\/diversoimpex.hr\/en\/maritime-training-courses\/supplementary-authorizations\/"},{"@type":"ListItem","position":4,"name":"Simulator"}]},{"@type":"WebSite","@id":"https:\/\/diversoimpex.hr\/#website","url":"https:\/\/diversoimpex.hr\/","name":"Diverso Impex","description":"Maritime training and crewing center","publisher":{"@id":"https:\/\/diversoimpex.hr\/#organization"},"potentialAction":[{"@type":"SearchAction","target":{"@type":"EntryPoint","urlTemplate":"https:\/\/diversoimpex.hr\/?s={search_term_string}"},"query-input":{"@type":"PropertyValueSpecification","valueRequired":true,"valueName":"search_term_string"}}],"inLanguage":"en-US"},{"@type":"Organization","@id":"https:\/\/diversoimpex.hr\/#organization","name":"Diverso Impex","url":"https:\/\/diversoimpex.hr\/","logo":{"@type":"ImageObject","inLanguage":"en-US","@id":"https:\/\/diversoimpex.hr\/#\/schema\/logo\/image\/","url":"https:\/\/diversoimpex.hr\/wp-content\/uploads\/2015\/04\/diverso-impex-logo.png","contentUrl":"https:\/\/diversoimpex.hr\/wp-content\/uploads\/2015\/04\/diverso-impex-logo.png","width":800,"height":800,"caption":"Diverso Impex"},"image":{"@id":"https:\/\/diversoimpex.hr\/#\/schema\/logo\/image\/"},"sameAs":["https:\/\/www.facebook.com\/diversoimpex","https:\/\/x.com\/diversoimpex","https:\/\/www.youtube.com\/channel\/UCKmwcYNa3OOaWIda-hEOylQ"]}]}},"_links":{"self":[{"href":"https:\/\/diversoimpex.hr\/en\/wp-json\/wp\/v2\/pages\/53","targetHints":{"allow":["GET"]}}],"collection":[{"href":"https:\/\/diversoimpex.hr\/en\/wp-json\/wp\/v2\/pages"}],"about":[{"href":"https:\/\/diversoimpex.hr\/en\/wp-json\/wp\/v2\/types\/page"}],"author":[{"embeddable":true,"href":"https:\/\/diversoimpex.hr\/en\/wp-json\/wp\/v2\/users\/2"}],"replies":[{"embeddable":true,"href":"https:\/\/diversoimpex.hr\/en\/wp-json\/wp\/v2\/comments?post=53"}],"version-history":[{"count":5,"href":"https:\/\/diversoimpex.hr\/en\/wp-json\/wp\/v2\/pages\/53\/revisions"}],"predecessor-version":[{"id":5985,"href":"https:\/\/diversoimpex.hr\/en\/wp-json\/wp\/v2\/pages\/53\/revisions\/5985"}],"up":[{"embeddable":true,"href":"https:\/\/diversoimpex.hr\/en\/wp-json\/wp\/v2\/pages\/33"}],"wp:attachment":[{"href":"https:\/\/diversoimpex.hr\/en\/wp-json\/wp\/v2\/media?parent=53"}],"curies":[{"name":"wp","href":"https:\/\/api.w.org\/{rel}","templated":true}]}}