{"id":4622,"date":"2017-08-07T12:46:57","date_gmt":"2017-08-07T10:46:57","guid":{"rendered":"https:\/\/diversoimpex.hr\/en\/?page_id=4622"},"modified":"2022-07-29T11:58:36","modified_gmt":"2022-07-29T09:58:36","slug":"ais-prijemnik","status":"publish","type":"page","link":"https:\/\/diversoimpex.hr\/en\/automatic-identification-system-reciever\/","title":{"rendered":"Automatic Identification System receiver"},"content":{"rendered":"<p>We installed publicly available AIS receiver on our roof, one of the highest locations in Split, Croatia.<\/p>\n<p>You can check our impressive statistics with more technical details at\u00a0<a href=\"https:\/\/www.marinetraffic.com\/en\/ais\/details\/stations\/11706\">Marine Traffic web service<\/a> we provide with AIS information.<\/p>\n<p>If you are interested in course for <a href=\"https:\/\/diversoimpex.hr\/en\/ais-automatic-identification-system\/\">AIS usage<\/a> on ship we provide as well. More information <a href=\"https:\/\/diversoimpex.hr\/en\/ais-automatic-identification-system\/\">here<\/a>.<\/p>\n<p>Map of all ships equipped with active automatic identification system:<\/p>\n<p><script type=\"text\/javascript\">width='100%'; height='600'; border='0'; shownames='true'; latitude='43.3981'; longitude='16.3806'; zoom='10'; maptype='2'; trackvessel='0'; fleet='';<\/script><br \/>\n<script type=\"text\/javascript\" src=\"https:\/\/www.marinetraffic.com\/js\/embed.js\"><\/script><\/p>","protected":false},"excerpt":{"rendered":"<p>We installed publicly available AIS receiver on our roof, one of the highest locations in Split, Croatia. You can check our impressive statistics with more technical details at\u00a0Marine Traffic web service we provide with AIS information. If you are interested &#8230;<\/p>\n<a class=\"read-more-btn\" href=\"https:\/\/diversoimpex.hr\/en\/automatic-identification-system-reciever\/\">Read more &#8250;&#8250;<\/a>","protected":false},"author":2,"featured_media":0,"parent":0,"menu_order":0,"comment_status":"closed","ping_status":"closed","template":"page-templates\/full-width-page.php","meta":{"inline_featured_image":false,"footnotes":""},"class_list":["post-4622","page","type-page","status-publish","hentry"],"yoast_head":"<!-- This site is optimized with the Yoast SEO plugin v27.4 - https:\/\/yoast.com\/product\/yoast-seo-wordpress\/ -->\n<title>Automatic Identification System receiver - Diverso Impex<\/title>\n<meta name=\"description\" content=\"{:hr}Postavili smo svima dostupan AIS prijemnik na jednu od najvi\u0161ih lokacija grada Splita. Pogledajte kretanje brodova koji dijelimo na MarineTraffic servisu pokrivaju\u0107i ve\u0107i dio srednjeg Jadrana.{:}\" \/>\n<meta name=\"robots\" content=\"index, follow, max-snippet:-1, max-image-preview:large, max-video-preview:-1\" \/>\n<link rel=\"canonical\" href=\"https:\/\/diversoimpex.hr\/ais-prijemnik\/\" \/>\n<meta name=\"twitter:label1\" content=\"Est. reading time\" \/>\n\t<meta name=\"twitter:data1\" content=\"1 minute\" \/>\n<script type=\"application\/ld+json\" class=\"yoast-schema-graph\">{\"@context\":\"https:\\\/\\\/schema.org\",\"@graph\":[{\"@type\":\"WebPage\",\"@id\":\"https:\\\/\\\/diversoimpex.hr\\\/ais-prijemnik\\\/\",\"url\":\"https:\\\/\\\/diversoimpex.hr\\\/ais-prijemnik\\\/\",\"name\":\"[:hr]AIS prijemnik[:en]Automatic Identification System receiver[:] - Diverso Impex\",\"isPartOf\":{\"@id\":\"https:\\\/\\\/diversoimpex.hr\\\/#website\"},\"datePublished\":\"2017-08-07T10:46:57+00:00\",\"dateModified\":\"2022-07-29T09:58:36+00:00\",\"description\":\"{:hr}Postavili smo svima dostupan AIS prijemnik na jednu od najvi\u0161ih lokacija grada Splita. Pogledajte kretanje brodova koji dijelimo na MarineTraffic servisu pokrivaju\u0107i ve\u0107i dio srednjeg Jadrana.{:}\",\"breadcrumb\":{\"@id\":\"https:\\\/\\\/diversoimpex.hr\\\/ais-prijemnik\\\/#breadcrumb\"},\"inLanguage\":\"en-US\",\"potentialAction\":[{\"@type\":\"ReadAction\",\"target\":[\"https:\\\/\\\/diversoimpex.hr\\\/ais-prijemnik\\\/\"]}]},{\"@type\":\"BreadcrumbList\",\"@id\":\"https:\\\/\\\/diversoimpex.hr\\\/ais-prijemnik\\\/#breadcrumb\",\"itemListElement\":[{\"@type\":\"ListItem\",\"position\":1,\"name\":\"Home\",\"item\":\"https:\\\/\\\/diversoimpex.hr\\\/\"},{\"@type\":\"ListItem\",\"position\":2,\"name\":\"AIS prijemnik\"}]},{\"@type\":\"WebSite\",\"@id\":\"https:\\\/\\\/diversoimpex.hr\\\/#website\",\"url\":\"https:\\\/\\\/diversoimpex.hr\\\/\",\"name\":\"Diverso Impex\",\"description\":\"Maritime training and crewing center\",\"publisher\":{\"@id\":\"https:\\\/\\\/diversoimpex.hr\\\/#organization\"},\"potentialAction\":[{\"@type\":\"SearchAction\",\"target\":{\"@type\":\"EntryPoint\",\"urlTemplate\":\"https:\\\/\\\/diversoimpex.hr\\\/?s={search_term_string}\"},\"query-input\":{\"@type\":\"PropertyValueSpecification\",\"valueRequired\":true,\"valueName\":\"search_term_string\"}}],\"inLanguage\":\"en-US\"},{\"@type\":\"Organization\",\"@id\":\"https:\\\/\\\/diversoimpex.hr\\\/#organization\",\"name\":\"Diverso Impex\",\"url\":\"https:\\\/\\\/diversoimpex.hr\\\/\",\"logo\":{\"@type\":\"ImageObject\",\"inLanguage\":\"en-US\",\"@id\":\"https:\\\/\\\/diversoimpex.hr\\\/#\\\/schema\\\/logo\\\/image\\\/\",\"url\":\"https:\\\/\\\/diversoimpex.hr\\\/wp-content\\\/uploads\\\/2015\\\/04\\\/diverso-impex-logo.png\",\"contentUrl\":\"https:\\\/\\\/diversoimpex.hr\\\/wp-content\\\/uploads\\\/2015\\\/04\\\/diverso-impex-logo.png\",\"width\":800,\"height\":800,\"caption\":\"Diverso Impex\"},\"image\":{\"@id\":\"https:\\\/\\\/diversoimpex.hr\\\/#\\\/schema\\\/logo\\\/image\\\/\"},\"sameAs\":[\"https:\\\/\\\/www.facebook.com\\\/diversoimpex\",\"https:\\\/\\\/x.com\\\/diversoimpex\",\"https:\\\/\\\/www.youtube.com\\\/channel\\\/UCKmwcYNa3OOaWIda-hEOylQ\"]}]}<\/script>\n<!-- \/ Yoast SEO plugin. -->","yoast_head_json":{"title":"[:hr]AIS prijemnik[:en]Automatic Identification System receiver[:] - Diverso Impex","description":"{:hr}Postavili smo svima dostupan AIS prijemnik na jednu od najvi\u0161ih lokacija grada Splita. Pogledajte kretanje brodova koji dijelimo na MarineTraffic servisu pokrivaju\u0107i ve\u0107i dio srednjeg Jadrana.{:}","robots":{"index":"index","follow":"follow","max-snippet":"max-snippet:-1","max-image-preview":"max-image-preview:large","max-video-preview":"max-video-preview:-1"},"canonical":"https:\/\/diversoimpex.hr\/ais-prijemnik\/","twitter_misc":{"Est. reading time":"1 minute"},"schema":{"@context":"https:\/\/schema.org","@graph":[{"@type":"WebPage","@id":"https:\/\/diversoimpex.hr\/ais-prijemnik\/","url":"https:\/\/diversoimpex.hr\/ais-prijemnik\/","name":"[:hr]AIS prijemnik[:en]Automatic Identification System receiver[:] - Diverso Impex","isPartOf":{"@id":"https:\/\/diversoimpex.hr\/#website"},"datePublished":"2017-08-07T10:46:57+00:00","dateModified":"2022-07-29T09:58:36+00:00","description":"{:hr}Postavili smo svima dostupan AIS prijemnik na jednu od najvi\u0161ih lokacija grada Splita. Pogledajte kretanje brodova koji dijelimo na MarineTraffic servisu pokrivaju\u0107i ve\u0107i dio srednjeg Jadrana.{:}","breadcrumb":{"@id":"https:\/\/diversoimpex.hr\/ais-prijemnik\/#breadcrumb"},"inLanguage":"en-US","potentialAction":[{"@type":"ReadAction","target":["https:\/\/diversoimpex.hr\/ais-prijemnik\/"]}]},{"@type":"BreadcrumbList","@id":"https:\/\/diversoimpex.hr\/ais-prijemnik\/#breadcrumb","itemListElement":[{"@type":"ListItem","position":1,"name":"Home","item":"https:\/\/diversoimpex.hr\/"},{"@type":"ListItem","position":2,"name":"AIS prijemnik"}]},{"@type":"WebSite","@id":"https:\/\/diversoimpex.hr\/#website","url":"https:\/\/diversoimpex.hr\/","name":"Diverso Impex","description":"Maritime training and crewing center","publisher":{"@id":"https:\/\/diversoimpex.hr\/#organization"},"potentialAction":[{"@type":"SearchAction","target":{"@type":"EntryPoint","urlTemplate":"https:\/\/diversoimpex.hr\/?s={search_term_string}"},"query-input":{"@type":"PropertyValueSpecification","valueRequired":true,"valueName":"search_term_string"}}],"inLanguage":"en-US"},{"@type":"Organization","@id":"https:\/\/diversoimpex.hr\/#organization","name":"Diverso Impex","url":"https:\/\/diversoimpex.hr\/","logo":{"@type":"ImageObject","inLanguage":"en-US","@id":"https:\/\/diversoimpex.hr\/#\/schema\/logo\/image\/","url":"https:\/\/diversoimpex.hr\/wp-content\/uploads\/2015\/04\/diverso-impex-logo.png","contentUrl":"https:\/\/diversoimpex.hr\/wp-content\/uploads\/2015\/04\/diverso-impex-logo.png","width":800,"height":800,"caption":"Diverso Impex"},"image":{"@id":"https:\/\/diversoimpex.hr\/#\/schema\/logo\/image\/"},"sameAs":["https:\/\/www.facebook.com\/diversoimpex","https:\/\/x.com\/diversoimpex","https:\/\/www.youtube.com\/channel\/UCKmwcYNa3OOaWIda-hEOylQ"]}]}},"_links":{"self":[{"href":"https:\/\/diversoimpex.hr\/en\/wp-json\/wp\/v2\/pages\/4622","targetHints":{"allow":["GET"]}}],"collection":[{"href":"https:\/\/diversoimpex.hr\/en\/wp-json\/wp\/v2\/pages"}],"about":[{"href":"https:\/\/diversoimpex.hr\/en\/wp-json\/wp\/v2\/types\/page"}],"author":[{"embeddable":true,"href":"https:\/\/diversoimpex.hr\/en\/wp-json\/wp\/v2\/users\/2"}],"replies":[{"embeddable":true,"href":"https:\/\/diversoimpex.hr\/en\/wp-json\/wp\/v2\/comments?post=4622"}],"version-history":[{"count":3,"href":"https:\/\/diversoimpex.hr\/en\/wp-json\/wp\/v2\/pages\/4622\/revisions"}],"predecessor-version":[{"id":6711,"href":"https:\/\/diversoimpex.hr\/en\/wp-json\/wp\/v2\/pages\/4622\/revisions\/6711"}],"wp:attachment":[{"href":"https:\/\/diversoimpex.hr\/en\/wp-json\/wp\/v2\/media?parent=4622"}],"curies":[{"name":"wp","href":"https:\/\/api.w.org\/{rel}","templated":true}]}}