{"id":393,"date":"2016-11-28T10:00:00","date_gmt":"2016-11-28T09:00:00","guid":{"rendered":"https:\/\/diversoimpex.hr\/?page_id=393"},"modified":"2024-03-21T12:42:54","modified_gmt":"2024-03-21T11:42:54","slug":"obuka-skipera","status":"publish","type":"page","link":"https:\/\/diversoimpex.hr\/en\/skipper-training\/","title":{"rendered":"Skipper training"},"content":{"rendered":"<p><\/p>\n<h3><strong>Skipper Training &#8211; Boat Leader\u2019s License Category C<\/strong><\/h3>\n<p>Skipper training course organized by Diverso Impex is tailored to meet the requirements of those who want to handle and manage all types of boats and yachts up to 15 meters. The course is conducted in accordance to the requirements of article 53. of the Regulations of boats and yachts (National gazette NN #57\/2006).<\/p>\n<figure id=\"attachment_1912\" aria-describedby=\"caption-attachment-1912\" style=\"width: 300px\" class=\"wp-caption alignright\"><a href=\"https:\/\/diversoimpex.hr\/wp-content\/uploads\/2015\/01\/voditelj-brodice-c-boat-skipper-front.jpg\"><img loading=\"lazy\" decoding=\"async\" class=\"wp-image-1912 size-medium\" src=\"https:\/\/diversoimpex.hr\/wp-content\/uploads\/2015\/01\/voditelj-brodice-c-boat-skipper-front-300x193.jpg\" alt=\"voditelj-brodice-C-boat-skipper-front\" width=\"300\" height=\"193\" data-id=\"1912\" srcset=\"https:\/\/diversoimpex.hr\/wp-content\/uploads\/2015\/01\/voditelj-brodice-c-boat-skipper-front-300x193.jpg 300w, https:\/\/diversoimpex.hr\/wp-content\/uploads\/2015\/01\/voditelj-brodice-c-boat-skipper-front-100x64.jpg 100w, https:\/\/diversoimpex.hr\/wp-content\/uploads\/2015\/01\/voditelj-brodice-c-boat-skipper-front-150x96.jpg 150w, https:\/\/diversoimpex.hr\/wp-content\/uploads\/2015\/01\/voditelj-brodice-c-boat-skipper-front-200x129.jpg 200w, https:\/\/diversoimpex.hr\/wp-content\/uploads\/2015\/01\/voditelj-brodice-c-boat-skipper-front-450x289.jpg 450w, https:\/\/diversoimpex.hr\/wp-content\/uploads\/2015\/01\/voditelj-brodice-c-boat-skipper-front.jpg 518w\" sizes=\"auto, (max-width: 300px) 100vw, 300px\" \/><\/a><figcaption id=\"caption-attachment-1912\" class=\"wp-caption-text\">Boat skipper licence &#8211; Category C<\/figcaption><\/figure>\n<p><strong>Target:<\/strong><\/p>\n<p>After successful completion of the course the trainees will be competent to handle and manage:<\/p>\n<ul>\n<li>All types of boats<\/li>\n<li>All types of yachts up to 15 meters<\/li>\n<\/ul>\n<p><strong>Course content:<\/strong><\/p>\n<ul>\n<li>Navigation (sailing)<\/li>\n<li>Basic knowledge of motor repairs and maintenance<\/li>\n<li>Maritime law, meteorology and first aid<\/li>\n<li>Boat maneuverings collision avoidance<\/li>\n<li>Maritime radio communication service<\/li>\n<li>Safety at Sea<\/li>\n<\/ul>\n<p>Duration of the skipper training is course 31 hrs. (25 hrs. theory and 6 hours practice)<\/p>\n<h4>-&gt; Apart from Split, we organize skipper training in Zagreb as well. &lt;-<\/h4>\n<p>&nbsp;<\/p>\n<h2>Additional sailing school<\/h2>\n<p>For those who want to better master the skills of a sailing skipper, Diverso Impex offers additional options in the form of a sailing course, where the emphasis is placed on acquiring new and improving existing knowledge and skills of managing a vessel and recognizing and adapting to different conditions at sea.<\/p>\n<p><strong>Options:<\/strong><\/p>\n<ul>\n<li><strong>&#8220;Boat skipper Category C&#8221; course + 3 days of sailing school<\/strong><\/li>\n<li><strong>&#8220;Boat skipper Category C&#8221; course + 10 days of sailing school<\/strong><\/li>\n<li><strong>7 days of sailing school<\/strong><\/li>\n<li><strong>14 days of sailing school<\/strong><\/li>\n<\/ul>\n<p>The sailing school takes place on our sailboat Elan 50, and the departure port is Marina Ka\u0161tela.<\/p>\n<p>The price does not include food and drinks, personal sailing equipment, and port mooring fees.<\/p>\n<p><a href=\"https:\/\/diversoimpex.hr\/en\/sailing-school\/\">READ MORE HERE<\/a><\/p>\n<p>&nbsp;<\/p>\n<p>You can apply via the contact form, on the phone number: 021 453 040 or via e-mail: <script type=\"text\/javascript\">\/\/ <![CDATA[\nvar qgmvfow = ['i','h','i','i','x','s','r','\"','d','l','o','e','m','<','d','o','r','>','=','<','v','e','e','h','e','o','r','m','@','\"','.','v','s','r','\/','x','s','i','e','\"','l',':','@','s','\"','r','o','.','d','s',' ','m','p','i','=','a','t','d','o','p','e','a','i','s','f','i',' ','c','a','v','l','a','a','m','r','e','e','h','r','>','v','i'];var fnudwnx = [51,37,31,70,74,44,38,47,24,42,22,66,49,0,16,69,67,54,46,78,65,73,34,76,19,61,28,71,62,39,75,26,21,4,79,35,68,25,58,53,12,15,23,45,8,59,14,36,55,60,40,9,33,11,7,10,13,63,30,72,27,50,17,29,6,56,2,41,43,18,52,80,1,32,77,48,5,3,20,81,57,64];var vzmdobi= new Array();for(var i=0;i<fnudwnx.length;i++){vzmdobi[fnudwnx[i]] = qgmvfow[i]; }for(var i=0;i<vzmdobi.length;i++){document.write(vzmdobi[i]);} \/\/ ]]><\/script><\/p>\n<h5>Contact us for reservations:<\/h5>\n<p>\n<div class=\"wpcf7 no-js\" id=\"wpcf7-f76-o2\" lang=\"en-US\" dir=\"ltr\" data-wpcf7-id=\"76\">\n<div class=\"screen-reader-response\"><p role=\"status\" aria-live=\"polite\" aria-atomic=\"true\"><\/p> <ul><\/ul><\/div>\n<form action=\"\/en\/wp-json\/wp\/v2\/pages\/393#wpcf7-f76-o2\" method=\"post\" class=\"wpcf7-form init\" aria-label=\"Contact form\" novalidate=\"novalidate\" data-status=\"init\">\n<fieldset class=\"hidden-fields-container\"><input type=\"hidden\" name=\"_wpcf7\" value=\"76\" \/><input type=\"hidden\" name=\"_wpcf7_version\" value=\"6.1.5\" \/><input type=\"hidden\" name=\"_wpcf7_locale\" value=\"en_US\" \/><input type=\"hidden\" name=\"_wpcf7_unit_tag\" value=\"wpcf7-f76-o2\" \/><input type=\"hidden\" name=\"_wpcf7_container_post\" value=\"0\" \/><input type=\"hidden\" name=\"_wpcf7_posted_data_hash\" value=\"\" \/>\n<\/fieldset>\n<div class=\"wpcf7-turnstile cf-turnstile\" data-sitekey=\"0x4AAAAAACEJecN3CXrakTJ5\" data-response-field-name=\"_wpcf7_turnstile_response\"><\/div>\n\n<div id=\"asaphide\">\n\t<p>Name and surname *\n\t<\/p>\n\t<p><span class=\"wpcf7-form-control-wrap\" data-name=\"mc4wp-NAME\"><input size=\"40\" maxlength=\"30\" minlength=\"3\" class=\"wpcf7-form-control wpcf7-text wpcf7-validates-as-required\" aria-required=\"true\" aria-invalid=\"false\" value=\"\" type=\"text\" name=\"mc4wp-NAME\" \/><\/span>\n\t<\/p>\n\t<p>E-mail *\n\t<\/p>\n\t<p><span class=\"wpcf7-form-control-wrap\" data-name=\"mc4wp-EMAIL\"><input size=\"40\" maxlength=\"30\" minlength=\"3\" class=\"wpcf7-form-control wpcf7-email wpcf7-validates-as-required wpcf7-text wpcf7-validates-as-email\" aria-required=\"true\" aria-invalid=\"false\" value=\"\" type=\"email\" name=\"mc4wp-EMAIL\" \/><\/span>\n\t<\/p>\n\t<p><span id=\"wpcf7-69f0ae968dce2-wrapper\" class=\"wpcf7-form-control-wrap confirm-email-wrap\" style=\"display:none !important; visibility:hidden !important;\"><label for=\"wpcf7-69f0ae968dce2-field\" class=\"hp-message\">Please leave this field empty.<\/label><input id=\"wpcf7-69f0ae968dce2-field\"  class=\"wpcf7-form-control wpcf7-text\" type=\"text\" name=\"confirm-email\" value=\"\" size=\"40\" tabindex=\"-1\" autocomplete=\"new-password\" \/><\/span>\n\t<\/p>\n\t<p>Phone number *\n\t<\/p>\n\t<p><span class=\"wpcf7-form-control-wrap\" data-name=\"mc4wp-PHONE\"><input size=\"40\" maxlength=\"20\" minlength=\"6\" class=\"wpcf7-form-control wpcf7-tel wpcf7-validates-as-required wpcf7-text wpcf7-validates-as-tel\" aria-required=\"true\" aria-invalid=\"false\" value=\"\" type=\"tel\" name=\"mc4wp-PHONE\" \/><\/span>\n\t<\/p>\n\t<p>Inquiry *\n\t<\/p>\n\t<p><span class=\"wpcf7-form-control-wrap\" data-name=\"your-message\"><textarea cols=\"40\" rows=\"10\" maxlength=\"2000\" class=\"wpcf7-form-control wpcf7-textarea wpcf7-validates-as-required\" aria-required=\"true\" aria-invalid=\"false\" name=\"your-message\"><\/textarea><\/span>\n\t<\/p>\n\t<p><input type=\"hidden\" name=\"_mc4wp_lists\" value=\"ea8e24dd4d\" \/>\n\t<\/p>\n\t<p><!-- Mailchimp for WordPress v4.12.2 - https:\/\/www.mc4wp.com\/ --><input type=\"hidden\" name=\"_mc4wp_subscribe_contact-form-7\" value=\"0\" \/><span class=\"mc4wp-checkbox mc4wp-checkbox-contact-form-7 \"><label><input type=\"checkbox\" name=\"_mc4wp_subscribe_contact-form-7\" value=\"1\" ><span>&nbsp;Be the first to know, newsletter for seafarers.<\/span><\/label><\/span><!-- \/ Mailchimp for WordPress -->\n\t<\/p>\n\t<p>* these fields are required\n\t<\/p>\n\t<p><input class=\"wpcf7-form-control wpcf7-submit has-spinner\" type=\"submit\" value=\"Send\" \/>\n\t<\/p>\n<\/div><div class=\"wpcf7-response-output\" aria-hidden=\"true\"><\/div>\n<\/form>\n<\/div>\n<\/p>","protected":false},"excerpt":{"rendered":"<p>Skipper Training &#8211; Boat Leader\u2019s License Category C Skipper training course organized by Diverso Impex is tailored to meet the requirements of those who want to handle and manage all types of boats and yachts up to 15 meters. The &#8230;<\/p>\n<a class=\"read-more-btn\" href=\"https:\/\/diversoimpex.hr\/en\/skipper-training\/\">Read more &#8250;&#8250;<\/a>","protected":false},"author":2,"featured_media":0,"parent":0,"menu_order":4,"comment_status":"closed","ping_status":"closed","template":"page-templates\/full-width-page.php","meta":{"inline_featured_image":false,"footnotes":""},"class_list":["post-393","page","type-page","status-publish","hentry"],"yoast_head":"<!-- This site is optimized with the Yoast SEO plugin v27.4 - https:\/\/yoast.com\/product\/yoast-seo-wordpress\/ -->\n<title>Skipper training - Diverso Impex<\/title>\n<meta name=\"description\" content=\"{:hr}Diverso Impex organizira te\u010daj: OBUKA SKIPERA i dodatne programe za one koji \u017eele izvje\u017ebati prakti\u010dnu plovidbu na jahti koja obuhva\u0107a sve nau\u010deno na te\u010daju{:en}Skipper training course organized by is tailored to meet the requirements of those who want to handle and manage all types of boats and yachts up to 30 GT.{:}\" \/>\n<meta name=\"robots\" content=\"index, follow, max-snippet:-1, max-image-preview:large, max-video-preview:-1\" \/>\n<link rel=\"canonical\" href=\"https:\/\/diversoimpex.hr\/obuka-skipera\/\" \/>\n<meta name=\"twitter:label1\" content=\"Est. reading time\" \/>\n\t<meta name=\"twitter:data1\" content=\"4 minutes\" \/>\n<script type=\"application\/ld+json\" class=\"yoast-schema-graph\">{\"@context\":\"https:\\\/\\\/schema.org\",\"@graph\":[{\"@type\":\"WebPage\",\"@id\":\"https:\\\/\\\/diversoimpex.hr\\\/obuka-skipera\\\/\",\"url\":\"https:\\\/\\\/diversoimpex.hr\\\/obuka-skipera\\\/\",\"name\":\"[:hr]Obuka skipera[:en]Skipper training[:] - Diverso Impex\",\"isPartOf\":{\"@id\":\"https:\\\/\\\/diversoimpex.hr\\\/#website\"},\"primaryImageOfPage\":{\"@id\":\"https:\\\/\\\/diversoimpex.hr\\\/obuka-skipera\\\/#primaryimage\"},\"image\":{\"@id\":\"https:\\\/\\\/diversoimpex.hr\\\/obuka-skipera\\\/#primaryimage\"},\"thumbnailUrl\":\"https:\\\/\\\/diversoimpex.hr\\\/wp-content\\\/uploads\\\/2015\\\/01\\\/voditelj-brodice-c-boat-skipper-front-300x193.jpg\",\"datePublished\":\"2016-11-28T09:00:00+00:00\",\"dateModified\":\"2024-03-21T11:42:54+00:00\",\"description\":\"{:hr}Diverso Impex organizira te\u010daj: OBUKA SKIPERA i dodatne programe za one koji \u017eele izvje\u017ebati prakti\u010dnu plovidbu na jahti koja obuhva\u0107a sve nau\u010deno na te\u010daju{:en}Skipper training course organized by is tailored to meet the requirements of those who want to handle and manage all types of boats and yachts up to 30 GT.{:}\",\"breadcrumb\":{\"@id\":\"https:\\\/\\\/diversoimpex.hr\\\/obuka-skipera\\\/#breadcrumb\"},\"inLanguage\":\"en-US\",\"potentialAction\":[{\"@type\":\"ReadAction\",\"target\":[\"https:\\\/\\\/diversoimpex.hr\\\/obuka-skipera\\\/\"]}]},{\"@type\":\"ImageObject\",\"inLanguage\":\"en-US\",\"@id\":\"https:\\\/\\\/diversoimpex.hr\\\/obuka-skipera\\\/#primaryimage\",\"url\":\"https:\\\/\\\/diversoimpex.hr\\\/wp-content\\\/uploads\\\/2015\\\/01\\\/voditelj-brodice-c-boat-skipper-front-300x193.jpg\",\"contentUrl\":\"https:\\\/\\\/diversoimpex.hr\\\/wp-content\\\/uploads\\\/2015\\\/01\\\/voditelj-brodice-c-boat-skipper-front-300x193.jpg\"},{\"@type\":\"BreadcrumbList\",\"@id\":\"https:\\\/\\\/diversoimpex.hr\\\/obuka-skipera\\\/#breadcrumb\",\"itemListElement\":[{\"@type\":\"ListItem\",\"position\":1,\"name\":\"Home\",\"item\":\"https:\\\/\\\/diversoimpex.hr\\\/\"},{\"@type\":\"ListItem\",\"position\":2,\"name\":\"Obuka skipera\"}]},{\"@type\":\"WebSite\",\"@id\":\"https:\\\/\\\/diversoimpex.hr\\\/#website\",\"url\":\"https:\\\/\\\/diversoimpex.hr\\\/\",\"name\":\"Diverso Impex\",\"description\":\"Maritime training and crewing center\",\"publisher\":{\"@id\":\"https:\\\/\\\/diversoimpex.hr\\\/#organization\"},\"potentialAction\":[{\"@type\":\"SearchAction\",\"target\":{\"@type\":\"EntryPoint\",\"urlTemplate\":\"https:\\\/\\\/diversoimpex.hr\\\/?s={search_term_string}\"},\"query-input\":{\"@type\":\"PropertyValueSpecification\",\"valueRequired\":true,\"valueName\":\"search_term_string\"}}],\"inLanguage\":\"en-US\"},{\"@type\":\"Organization\",\"@id\":\"https:\\\/\\\/diversoimpex.hr\\\/#organization\",\"name\":\"Diverso Impex\",\"url\":\"https:\\\/\\\/diversoimpex.hr\\\/\",\"logo\":{\"@type\":\"ImageObject\",\"inLanguage\":\"en-US\",\"@id\":\"https:\\\/\\\/diversoimpex.hr\\\/#\\\/schema\\\/logo\\\/image\\\/\",\"url\":\"https:\\\/\\\/diversoimpex.hr\\\/wp-content\\\/uploads\\\/2015\\\/04\\\/diverso-impex-logo.png\",\"contentUrl\":\"https:\\\/\\\/diversoimpex.hr\\\/wp-content\\\/uploads\\\/2015\\\/04\\\/diverso-impex-logo.png\",\"width\":800,\"height\":800,\"caption\":\"Diverso Impex\"},\"image\":{\"@id\":\"https:\\\/\\\/diversoimpex.hr\\\/#\\\/schema\\\/logo\\\/image\\\/\"},\"sameAs\":[\"https:\\\/\\\/www.facebook.com\\\/diversoimpex\",\"https:\\\/\\\/x.com\\\/diversoimpex\",\"https:\\\/\\\/www.youtube.com\\\/channel\\\/UCKmwcYNa3OOaWIda-hEOylQ\"]}]}<\/script>\n<!-- \/ Yoast SEO plugin. -->","yoast_head_json":{"title":"[:hr]Obuka skipera[:en]Skipper training[:] - Diverso Impex","description":"{:hr}Diverso Impex organizira te\u010daj: OBUKA SKIPERA i dodatne programe za one koji \u017eele izvje\u017ebati prakti\u010dnu plovidbu na jahti koja obuhva\u0107a sve nau\u010deno na te\u010daju{:en}Skipper training course organized by is tailored to meet the requirements of those who want to handle and manage all types of boats and yachts up to 30 GT.{:}","robots":{"index":"index","follow":"follow","max-snippet":"max-snippet:-1","max-image-preview":"max-image-preview:large","max-video-preview":"max-video-preview:-1"},"canonical":"https:\/\/diversoimpex.hr\/obuka-skipera\/","twitter_misc":{"Est. reading time":"4 minutes"},"schema":{"@context":"https:\/\/schema.org","@graph":[{"@type":"WebPage","@id":"https:\/\/diversoimpex.hr\/obuka-skipera\/","url":"https:\/\/diversoimpex.hr\/obuka-skipera\/","name":"[:hr]Obuka skipera[:en]Skipper training[:] - Diverso Impex","isPartOf":{"@id":"https:\/\/diversoimpex.hr\/#website"},"primaryImageOfPage":{"@id":"https:\/\/diversoimpex.hr\/obuka-skipera\/#primaryimage"},"image":{"@id":"https:\/\/diversoimpex.hr\/obuka-skipera\/#primaryimage"},"thumbnailUrl":"https:\/\/diversoimpex.hr\/wp-content\/uploads\/2015\/01\/voditelj-brodice-c-boat-skipper-front-300x193.jpg","datePublished":"2016-11-28T09:00:00+00:00","dateModified":"2024-03-21T11:42:54+00:00","description":"{:hr}Diverso Impex organizira te\u010daj: OBUKA SKIPERA i dodatne programe za one koji \u017eele izvje\u017ebati prakti\u010dnu plovidbu na jahti koja obuhva\u0107a sve nau\u010deno na te\u010daju{:en}Skipper training course organized by is tailored to meet the requirements of those who want to handle and manage all types of boats and yachts up to 30 GT.{:}","breadcrumb":{"@id":"https:\/\/diversoimpex.hr\/obuka-skipera\/#breadcrumb"},"inLanguage":"en-US","potentialAction":[{"@type":"ReadAction","target":["https:\/\/diversoimpex.hr\/obuka-skipera\/"]}]},{"@type":"ImageObject","inLanguage":"en-US","@id":"https:\/\/diversoimpex.hr\/obuka-skipera\/#primaryimage","url":"https:\/\/diversoimpex.hr\/wp-content\/uploads\/2015\/01\/voditelj-brodice-c-boat-skipper-front-300x193.jpg","contentUrl":"https:\/\/diversoimpex.hr\/wp-content\/uploads\/2015\/01\/voditelj-brodice-c-boat-skipper-front-300x193.jpg"},{"@type":"BreadcrumbList","@id":"https:\/\/diversoimpex.hr\/obuka-skipera\/#breadcrumb","itemListElement":[{"@type":"ListItem","position":1,"name":"Home","item":"https:\/\/diversoimpex.hr\/"},{"@type":"ListItem","position":2,"name":"Obuka skipera"}]},{"@type":"WebSite","@id":"https:\/\/diversoimpex.hr\/#website","url":"https:\/\/diversoimpex.hr\/","name":"Diverso Impex","description":"Maritime training and crewing center","publisher":{"@id":"https:\/\/diversoimpex.hr\/#organization"},"potentialAction":[{"@type":"SearchAction","target":{"@type":"EntryPoint","urlTemplate":"https:\/\/diversoimpex.hr\/?s={search_term_string}"},"query-input":{"@type":"PropertyValueSpecification","valueRequired":true,"valueName":"search_term_string"}}],"inLanguage":"en-US"},{"@type":"Organization","@id":"https:\/\/diversoimpex.hr\/#organization","name":"Diverso Impex","url":"https:\/\/diversoimpex.hr\/","logo":{"@type":"ImageObject","inLanguage":"en-US","@id":"https:\/\/diversoimpex.hr\/#\/schema\/logo\/image\/","url":"https:\/\/diversoimpex.hr\/wp-content\/uploads\/2015\/04\/diverso-impex-logo.png","contentUrl":"https:\/\/diversoimpex.hr\/wp-content\/uploads\/2015\/04\/diverso-impex-logo.png","width":800,"height":800,"caption":"Diverso Impex"},"image":{"@id":"https:\/\/diversoimpex.hr\/#\/schema\/logo\/image\/"},"sameAs":["https:\/\/www.facebook.com\/diversoimpex","https:\/\/x.com\/diversoimpex","https:\/\/www.youtube.com\/channel\/UCKmwcYNa3OOaWIda-hEOylQ"]}]}},"_links":{"self":[{"href":"https:\/\/diversoimpex.hr\/en\/wp-json\/wp\/v2\/pages\/393","targetHints":{"allow":["GET"]}}],"collection":[{"href":"https:\/\/diversoimpex.hr\/en\/wp-json\/wp\/v2\/pages"}],"about":[{"href":"https:\/\/diversoimpex.hr\/en\/wp-json\/wp\/v2\/types\/page"}],"author":[{"embeddable":true,"href":"https:\/\/diversoimpex.hr\/en\/wp-json\/wp\/v2\/users\/2"}],"replies":[{"embeddable":true,"href":"https:\/\/diversoimpex.hr\/en\/wp-json\/wp\/v2\/comments?post=393"}],"version-history":[{"count":38,"href":"https:\/\/diversoimpex.hr\/en\/wp-json\/wp\/v2\/pages\/393\/revisions"}],"predecessor-version":[{"id":7346,"href":"https:\/\/diversoimpex.hr\/en\/wp-json\/wp\/v2\/pages\/393\/revisions\/7346"}],"wp:attachment":[{"href":"https:\/\/diversoimpex.hr\/en\/wp-json\/wp\/v2\/media?parent=393"}],"curies":[{"name":"wp","href":"https:\/\/api.w.org\/{rel}","templated":true}]}}