{"id":23,"date":"2016-11-28T10:00:00","date_gmt":"2016-11-28T09:00:00","guid":{"rendered":"https:\/\/diversoimpex.hr\/?page_id=23"},"modified":"2021-03-18T08:47:05","modified_gmt":"2021-03-18T07:47:05","slug":"pravilnici","status":"publish","type":"page","link":"https:\/\/diversoimpex.hr\/en\/regulations\/","title":{"rendered":"Regulations"},"content":{"rendered":"<p><\/p>\n<p><p>On this page you will find a list of maritime rules and regulations. By clicking on the link, you can view these files, then you can also save them in .pdf format.<\/p>\n<p>\n<i class=\"icon-file-pdf\"><\/i><a href=\"https:\/\/diversoimpex.hr\/wp-content\/uploads\/program-i-uvjeti.pdf\">Program i uvjeti<\/a><br \/>\n<i class=\"icon-file-pdf\"><\/i><a href=\"https:\/\/diversoimpex.hr\/wp-content\/uploads\/prilog-f1-h2-2007.pdf\">Prilog F1 &#8211; H2<\/a><br \/>\n<i class=\"icon-file-pdf\"><\/i><a href=\"https:\/\/diversoimpex.hr\/wp-content\/uploads\/prilog-d-2007.pdf\">Prilog D<\/a><br \/>\n<i class=\"icon-file-pdf\"><\/i><a href=\"https:\/\/diversoimpex.hr\/wp-content\/uploads\/prilog-c-2007.pdf\">Prilog C<\/a><br \/>\n<i class=\"icon-file-pdf\"><\/i><a href=\"https:\/\/diversoimpex.hr\/wp-content\/uploads\/pravilnik-o-zvanjima.pdf\">Pravilnik o zvanjima<\/a><br \/>\n<i class=\"icon-file-pdf\"><\/i><a href=\"https:\/\/diversoimpex.hr\/wp-content\/uploads\/pravilnik-o-porezu-na-dohodak.pdf\">Pravilnik o porezu na dohodak<\/a>\n<\/p>\n<\/p>\n<p><\/p>","protected":false},"excerpt":{"rendered":"<p>On this page you will find a list of maritime rules and regulations. By clicking on the link, you can view these files, then you can also save them in .pdf format. Program i uvjeti Prilog F1 &#8211; H2 Prilog &#8230;<\/p>\n<a class=\"read-more-btn\" href=\"https:\/\/diversoimpex.hr\/en\/regulations\/\">Read more &#8250;&#8250;<\/a>","protected":false},"author":2,"featured_media":0,"parent":0,"menu_order":3,"comment_status":"closed","ping_status":"closed","template":"page-templates\/full-width-page.php","meta":{"inline_featured_image":false,"footnotes":""},"class_list":["post-23","page","type-page","status-publish","hentry"],"yoast_head":"<!-- This site is optimized with the Yoast SEO plugin v27.4 - https:\/\/yoast.com\/product\/yoast-seo-wordpress\/ -->\n<title>Regulations - Diverso Impex<\/title>\n<meta name=\"description\" content=\"Pomorski pravilnik i pomorski zakonik - Klikom na link mo\u017eete pregledati pomorske pravilnike i zakone, a potom ih tako\u0111er mo\u017eete sa\u010duvati u .pdf formatu.\" \/>\n<meta name=\"robots\" content=\"index, follow, max-snippet:-1, max-image-preview:large, max-video-preview:-1\" \/>\n<link rel=\"canonical\" href=\"https:\/\/diversoimpex.hr\/pravilnici\/\" \/>\n<meta name=\"twitter:label1\" content=\"Est. reading time\" \/>\n\t<meta name=\"twitter:data1\" content=\"1 minute\" \/>\n<script type=\"application\/ld+json\" class=\"yoast-schema-graph\">{\"@context\":\"https:\\\/\\\/schema.org\",\"@graph\":[{\"@type\":\"WebPage\",\"@id\":\"https:\\\/\\\/diversoimpex.hr\\\/pravilnici\\\/\",\"url\":\"https:\\\/\\\/diversoimpex.hr\\\/pravilnici\\\/\",\"name\":\"[:hr]Pravilnici[:en]Regulations[:] - Diverso Impex\",\"isPartOf\":{\"@id\":\"https:\\\/\\\/diversoimpex.hr\\\/#website\"},\"datePublished\":\"2016-11-28T09:00:00+00:00\",\"dateModified\":\"2021-03-18T07:47:05+00:00\",\"description\":\"Pomorski pravilnik i pomorski zakonik - Klikom na link mo\u017eete pregledati pomorske pravilnike i zakone, a potom ih tako\u0111er mo\u017eete sa\u010duvati u .pdf formatu.\",\"breadcrumb\":{\"@id\":\"https:\\\/\\\/diversoimpex.hr\\\/pravilnici\\\/#breadcrumb\"},\"inLanguage\":\"en-US\",\"potentialAction\":[{\"@type\":\"ReadAction\",\"target\":[\"https:\\\/\\\/diversoimpex.hr\\\/pravilnici\\\/\"]}]},{\"@type\":\"BreadcrumbList\",\"@id\":\"https:\\\/\\\/diversoimpex.hr\\\/pravilnici\\\/#breadcrumb\",\"itemListElement\":[{\"@type\":\"ListItem\",\"position\":1,\"name\":\"Home\",\"item\":\"https:\\\/\\\/diversoimpex.hr\\\/\"},{\"@type\":\"ListItem\",\"position\":2,\"name\":\"Pravilnici\"}]},{\"@type\":\"WebSite\",\"@id\":\"https:\\\/\\\/diversoimpex.hr\\\/#website\",\"url\":\"https:\\\/\\\/diversoimpex.hr\\\/\",\"name\":\"Diverso Impex\",\"description\":\"Maritime training and crewing center\",\"publisher\":{\"@id\":\"https:\\\/\\\/diversoimpex.hr\\\/#organization\"},\"potentialAction\":[{\"@type\":\"SearchAction\",\"target\":{\"@type\":\"EntryPoint\",\"urlTemplate\":\"https:\\\/\\\/diversoimpex.hr\\\/?s={search_term_string}\"},\"query-input\":{\"@type\":\"PropertyValueSpecification\",\"valueRequired\":true,\"valueName\":\"search_term_string\"}}],\"inLanguage\":\"en-US\"},{\"@type\":\"Organization\",\"@id\":\"https:\\\/\\\/diversoimpex.hr\\\/#organization\",\"name\":\"Diverso Impex\",\"url\":\"https:\\\/\\\/diversoimpex.hr\\\/\",\"logo\":{\"@type\":\"ImageObject\",\"inLanguage\":\"en-US\",\"@id\":\"https:\\\/\\\/diversoimpex.hr\\\/#\\\/schema\\\/logo\\\/image\\\/\",\"url\":\"https:\\\/\\\/diversoimpex.hr\\\/wp-content\\\/uploads\\\/2015\\\/04\\\/diverso-impex-logo.png\",\"contentUrl\":\"https:\\\/\\\/diversoimpex.hr\\\/wp-content\\\/uploads\\\/2015\\\/04\\\/diverso-impex-logo.png\",\"width\":800,\"height\":800,\"caption\":\"Diverso Impex\"},\"image\":{\"@id\":\"https:\\\/\\\/diversoimpex.hr\\\/#\\\/schema\\\/logo\\\/image\\\/\"},\"sameAs\":[\"https:\\\/\\\/www.facebook.com\\\/diversoimpex\",\"https:\\\/\\\/x.com\\\/diversoimpex\",\"https:\\\/\\\/www.youtube.com\\\/channel\\\/UCKmwcYNa3OOaWIda-hEOylQ\"]}]}<\/script>\n<!-- \/ Yoast SEO plugin. -->","yoast_head_json":{"title":"[:hr]Pravilnici[:en]Regulations[:] - Diverso Impex","description":"Pomorski pravilnik i pomorski zakonik - Klikom na link mo\u017eete pregledati pomorske pravilnike i zakone, a potom ih tako\u0111er mo\u017eete sa\u010duvati u .pdf formatu.","robots":{"index":"index","follow":"follow","max-snippet":"max-snippet:-1","max-image-preview":"max-image-preview:large","max-video-preview":"max-video-preview:-1"},"canonical":"https:\/\/diversoimpex.hr\/pravilnici\/","twitter_misc":{"Est. reading time":"1 minute"},"schema":{"@context":"https:\/\/schema.org","@graph":[{"@type":"WebPage","@id":"https:\/\/diversoimpex.hr\/pravilnici\/","url":"https:\/\/diversoimpex.hr\/pravilnici\/","name":"[:hr]Pravilnici[:en]Regulations[:] - Diverso Impex","isPartOf":{"@id":"https:\/\/diversoimpex.hr\/#website"},"datePublished":"2016-11-28T09:00:00+00:00","dateModified":"2021-03-18T07:47:05+00:00","description":"Pomorski pravilnik i pomorski zakonik - Klikom na link mo\u017eete pregledati pomorske pravilnike i zakone, a potom ih tako\u0111er mo\u017eete sa\u010duvati u .pdf formatu.","breadcrumb":{"@id":"https:\/\/diversoimpex.hr\/pravilnici\/#breadcrumb"},"inLanguage":"en-US","potentialAction":[{"@type":"ReadAction","target":["https:\/\/diversoimpex.hr\/pravilnici\/"]}]},{"@type":"BreadcrumbList","@id":"https:\/\/diversoimpex.hr\/pravilnici\/#breadcrumb","itemListElement":[{"@type":"ListItem","position":1,"name":"Home","item":"https:\/\/diversoimpex.hr\/"},{"@type":"ListItem","position":2,"name":"Pravilnici"}]},{"@type":"WebSite","@id":"https:\/\/diversoimpex.hr\/#website","url":"https:\/\/diversoimpex.hr\/","name":"Diverso Impex","description":"Maritime training and crewing center","publisher":{"@id":"https:\/\/diversoimpex.hr\/#organization"},"potentialAction":[{"@type":"SearchAction","target":{"@type":"EntryPoint","urlTemplate":"https:\/\/diversoimpex.hr\/?s={search_term_string}"},"query-input":{"@type":"PropertyValueSpecification","valueRequired":true,"valueName":"search_term_string"}}],"inLanguage":"en-US"},{"@type":"Organization","@id":"https:\/\/diversoimpex.hr\/#organization","name":"Diverso Impex","url":"https:\/\/diversoimpex.hr\/","logo":{"@type":"ImageObject","inLanguage":"en-US","@id":"https:\/\/diversoimpex.hr\/#\/schema\/logo\/image\/","url":"https:\/\/diversoimpex.hr\/wp-content\/uploads\/2015\/04\/diverso-impex-logo.png","contentUrl":"https:\/\/diversoimpex.hr\/wp-content\/uploads\/2015\/04\/diverso-impex-logo.png","width":800,"height":800,"caption":"Diverso Impex"},"image":{"@id":"https:\/\/diversoimpex.hr\/#\/schema\/logo\/image\/"},"sameAs":["https:\/\/www.facebook.com\/diversoimpex","https:\/\/x.com\/diversoimpex","https:\/\/www.youtube.com\/channel\/UCKmwcYNa3OOaWIda-hEOylQ"]}]}},"_links":{"self":[{"href":"https:\/\/diversoimpex.hr\/en\/wp-json\/wp\/v2\/pages\/23","targetHints":{"allow":["GET"]}}],"collection":[{"href":"https:\/\/diversoimpex.hr\/en\/wp-json\/wp\/v2\/pages"}],"about":[{"href":"https:\/\/diversoimpex.hr\/en\/wp-json\/wp\/v2\/types\/page"}],"author":[{"embeddable":true,"href":"https:\/\/diversoimpex.hr\/en\/wp-json\/wp\/v2\/users\/2"}],"replies":[{"embeddable":true,"href":"https:\/\/diversoimpex.hr\/en\/wp-json\/wp\/v2\/comments?post=23"}],"version-history":[{"count":3,"href":"https:\/\/diversoimpex.hr\/en\/wp-json\/wp\/v2\/pages\/23\/revisions"}],"predecessor-version":[{"id":6262,"href":"https:\/\/diversoimpex.hr\/en\/wp-json\/wp\/v2\/pages\/23\/revisions\/6262"}],"wp:attachment":[{"href":"https:\/\/diversoimpex.hr\/en\/wp-json\/wp\/v2\/media?parent=23"}],"curies":[{"name":"wp","href":"https:\/\/api.w.org\/{rel}","templated":true}]}}