{"id":19,"date":"2016-11-28T10:00:00","date_gmt":"2016-11-28T09:00:00","guid":{"rendered":"https:\/\/diversoimpex.hr\/?page_id=19"},"modified":"2022-12-08T09:31:07","modified_gmt":"2022-12-08T08:31:07","slug":"o-nama","status":"publish","type":"page","link":"https:\/\/diversoimpex.hr\/en\/maritime-training-center\/","title":{"rendered":"About us"},"content":{"rendered":"<p><\/p>\n<h1 class=\"universal\">Maritime training center Diverso Impex<\/h1>\n<p><a class=\"single_photoswipe\" href=\"https:\/\/diversoimpex.hr\/wp-content\/uploads\/2014\/06\/employee.jpg\" data-size=\"533x800\"><img loading=\"lazy\" decoding=\"async\" class=\"alignright wp-image-154 size-medium\" src=\"https:\/\/diversoimpex.hr\/wp-content\/uploads\/2014\/06\/employee-199x300.jpg\" alt=\"Diverso employee\" width=\"199\" height=\"300\" srcset=\"https:\/\/diversoimpex.hr\/wp-content\/uploads\/2014\/06\/employee-199x300.jpg 199w, https:\/\/diversoimpex.hr\/wp-content\/uploads\/2014\/06\/employee-100x150.jpg 100w, https:\/\/diversoimpex.hr\/wp-content\/uploads\/2014\/06\/employee-150x225.jpg 150w, https:\/\/diversoimpex.hr\/wp-content\/uploads\/2014\/06\/employee-200x300.jpg 200w, https:\/\/diversoimpex.hr\/wp-content\/uploads\/2014\/06\/employee-300x450.jpg 300w, https:\/\/diversoimpex.hr\/wp-content\/uploads\/2014\/06\/employee-450x675.jpg 450w, https:\/\/diversoimpex.hr\/wp-content\/uploads\/2014\/06\/employee.jpg 533w\" sizes=\"auto, (max-width: 199px) 100vw, 199px\" \/><\/a>Maritime training and crewing center DIVERSO IMPEX LLC is among the first companies that started with the professional training of seafarers in Croatia.<\/p>\n<p>Seafarers Training takes place on the cutting-edge <a href=\"https:\/\/diversoimpex.hr\/en\/gallery\/\">teaching and simulation equipment<\/a> (Wartsila-Transas Full mission bridge simulator, Wartsila-Transas full engine simulator, Ship&#8217;s Bridge Simulator Polaris, STSTC Arpa Radar, STSTC electronic maps, ROC live station, fire polygon, lifeboat, &#8230;), all with the participation of highly skilled and professional teachers with years of experience in the maritime industry. Diverso Impex LLC in Split is among the first maritime universities in Croatia certified by ISO quality system.\u00a0 Besides all that Diverso Impex LLC is the founder of <a href=\"https:\/\/kliper.hr\/\" target=\"_blank\" rel=\"noopener noreferrer\">KLIPER<\/a> &#8211; institutions for the education of human resources in the maritime industry and the direction of the Maritime Sailors and Marine Engineering Technician for sailors and offers a comprehensive education and training in Croatian or English.<\/p>\n<h2 class=\"universal\">Maritime training courses conducted on modern equipment<\/h2>\n<p>Maritime education and training of seafarers on the Croatian coast has a very long tradition, starting from the 1557th when in school law of the Dubrovnik Republic prescribed practice for young men who want to devote maritime, through private schools in the 17 and 18 century, the nautical school opened in Rijeka 1774th year, the beginning of the development of higher maritime education after World War II, and a system of marine secondary schools. Since 1998. when Croatia signed a treaty STCW-95 (<a href=\"https:\/\/www.imo.org\/en\/OurWork\/HumanElement\/Pages\/STCW-Conv-LINK.aspx\" target=\"_blank\" rel=\"noopener noreferrer\">Standards of Training, Certification and Watchkeeping<\/a>), one of the first we started with the professional training of seafarers on Croatian territory, and today we have over <a title=\"Maritime courses\" href=\"https:\/\/diversoimpex.hr\/en\/maritime-training-courses\/\">30 franchises in the training program<\/a> by the <a href=\"https:\/\/www.imo.org\/en\/OurWork\/HumanElement\/Pages\/STCW-Conv-LINK.aspx\" target=\"_blank\" rel=\"noopener noreferrer\">STCW-95<\/a> standard, approved by the Ministry of Maritime Affairs, Transport and Infrastructure.<\/p>\n<h2 class=\"universal\">Importance of quality seafarer training<\/h2>\n<p>Croatian sailors were always, thanks to their abilities and demonstrated knowledge were greatly appreciated and sought after on the ships of all flags of the world. Quality of Croatian sailors lately is even more obvious, since the human factor is the most important link in the chain that leads to the safety of navigation and prevention of pollution of the marine environment. The fact that over 80% of all incidents and accidents at sea are caused by human error, only once again underlines the importance of maritime administrations efforts worldwide to reduce those risks. The importance of training of seafarers was confirmed in numerous occasions at international level and of course it is very important to high-quality education and professional sailors, especially as the criteria are much higher today than they were before.<\/p>\n<p><a class=\"single_photoswipe\" href=\"https:\/\/diversoimpex.hr\/wp-content\/uploads\/2014\/06\/boat.jpg\" data-size=\"533x800\"><img loading=\"lazy\" decoding=\"async\" class=\" wp-image-153 size-medium alignright\" src=\"https:\/\/diversoimpex.hr\/wp-content\/uploads\/2014\/06\/boat-199x300.jpg\" alt=\"Diverso Impex boat\" width=\"199\" height=\"300\" srcset=\"https:\/\/diversoimpex.hr\/wp-content\/uploads\/2014\/06\/boat-199x300.jpg 199w, https:\/\/diversoimpex.hr\/wp-content\/uploads\/2014\/06\/boat-100x150.jpg 100w, https:\/\/diversoimpex.hr\/wp-content\/uploads\/2014\/06\/boat-150x225.jpg 150w, https:\/\/diversoimpex.hr\/wp-content\/uploads\/2014\/06\/boat-200x300.jpg 200w, https:\/\/diversoimpex.hr\/wp-content\/uploads\/2014\/06\/boat-300x450.jpg 300w, https:\/\/diversoimpex.hr\/wp-content\/uploads\/2014\/06\/boat-450x675.jpg 450w, https:\/\/diversoimpex.hr\/wp-content\/uploads\/2014\/06\/boat.jpg 533w\" sizes=\"auto, (max-width: 199px) 100vw, 199px\" \/><\/a><\/p>\n<h2 class=\"universal\">Certificate renewal<\/h2>\n<p>DIVERSO IMPEX will help you with updates and changes of certificates, and all those who wish to sail to the sea, DIVERSO IMPEX will help with professional training and consulting which guarantees many years of experience. DIVERSO team is composed of a row of highly skilled and experienced seafarers, allowing you to get at reasonable prices in a simple manner and modern education classroom for over thirty occupations per STCW-95 standards and many other things that are necessary but not yet recommended by STCW-95, since only a qualified and knowledgeable sailor for any interest on the boat, you can sail the seven seas of the world, given that the International Maritime organization (<a href=\"http:\/\/www.imo.org\/EN\/Pages\/Default.aspx\" target=\"_blank\" rel=\"noopener noreferrer\">IMO<\/a>) has the authority to verify whether and to what extent the international legal regulations are implemented in practice.<\/p>\n<p>Therefore, do not waste your precious time visiting numerous offices, but when you choose the bread crust with seven, come for expert advice of experienced sailors who stand behind a miles and miles and learn from them, because only experienced sailors can also help you to become proficient sailor, come to DIVERSO IMPEX.<\/p>\n<hr \/>\n<h2 class=\"universal\">Quality and security\u00a0guaranteed\u00a0&#8211; ISO standard<img loading=\"lazy\" decoding=\"async\" class=\"alignright wp-image-417 size-full\" src=\"https:\/\/diversoimpex.hr\/wp-content\/uploads\/qcrs_logo.jpg\" alt=\"qcrs logo\" width=\"106\" height=\"150\" data-id=\"417\" srcset=\"https:\/\/diversoimpex.hr\/wp-content\/uploads\/qcrs_logo.jpg 106w, https:\/\/diversoimpex.hr\/wp-content\/uploads\/qcrs_logo-100x141.jpg 100w\" sizes=\"auto, (max-width: 106px) 100vw, 106px\" \/><img loading=\"lazy\" decoding=\"async\" class=\"alignright wp-image-4716\" src=\"https:\/\/diversoimpex.hr\/wp-content\/uploads\/2016\/11\/Bureau_Veritas.svg\" alt=\"Certified by Bureau Veritas\" width=\"122\" height=\"150\" \/><\/h2>\n<p>Every year we go through a rigorous and demanding process of adjusting operations, auditing and certification according<br \/>\nto ISO standards in order to ensure the best service possible to our clients here at Diverso Impex.<\/p>\n<p><a href=\"https:\/\/diversoimpex.hr\/wp-content\/uploads\/2020\/06\/diverso-impex-iso-certifikat-2022.pdf\">HRN EN ISO 9001:2015 certificate (quality management system)<\/a><\/p>\n<p><a href=\"https:\/\/diversoimpex.hr\/wp-content\/uploads\/2019\/05\/POLITIKA-KVALITETE-HR-EN.pdf\">Politika kvalitete (2020)<\/a><\/p>\n<p>All our courses are certified by <strong>Croatian Register of Shipping<\/strong> and <strong>Bureau Veritas<\/strong>.<\/p>\n<h2><span id=\"result_box\" class=\"\" lang=\"en\">AAA credit rating <span class=\"\">ensures<\/span> <span class=\"\">the highest level of<\/span> <span class=\"\">operational stability<\/span> and <span class=\"\">security<\/span><\/span><\/h2>\n<p><img loading=\"lazy\" decoding=\"async\" class=\"alignright size-full wp-image-1954\" src=\"https:\/\/diversoimpex.hr\/wp-content\/uploads\/2015\/01\/diverso-impex-aaa-bonitet.png\" alt=\"Diverso Impex AAA bonitet pecat\" width=\"200\" height=\"181\" srcset=\"https:\/\/diversoimpex.hr\/wp-content\/uploads\/2015\/01\/diverso-impex-aaa-bonitet.png 200w, https:\/\/diversoimpex.hr\/wp-content\/uploads\/2015\/01\/diverso-impex-aaa-bonitet-100x91.png 100w, https:\/\/diversoimpex.hr\/wp-content\/uploads\/2015\/01\/diverso-impex-aaa-bonitet-150x136.png 150w\" sizes=\"auto, (max-width: 200px) 100vw, 200px\" \/>In today&#8217;s times of economic crisis it is essential to know how your business partner is doing and if you could count on him at any given time. Diverso Impex has been included in the inner circle of excellent businesses in Croatia. We are happy to boast the highest credit rating excellence AAA.<br \/>\nThe basic premise of calculating prudential excellence is data collected from publicly available official registries such as the FINA, Sudreg, the CNB and CBS, which are processed according to international Bisnode methodology. Protected and internationally recognized certification is awarded by Bisnode Group, a leading European agency for the analysis of business information.<\/p>\n<h2>We commit ourselves to responsible and ethically justified business<\/h2>\n<p><img loading=\"lazy\" decoding=\"async\" class=\"alignright size-full wp-image-1977\" src=\"https:\/\/diversoimpex.hr\/wp-content\/uploads\/2015\/01\/hgk-kodeks-etike.png\" alt=\"HGK kodeks poslovne etike logo\" width=\"190\" height=\"250\" srcset=\"https:\/\/diversoimpex.hr\/wp-content\/uploads\/2015\/01\/hgk-kodeks-etike.png 190w, https:\/\/diversoimpex.hr\/wp-content\/uploads\/2015\/01\/hgk-kodeks-etike-100x132.png 100w, https:\/\/diversoimpex.hr\/wp-content\/uploads\/2015\/01\/hgk-kodeks-etike-150x197.png 150w\" sizes=\"auto, (max-width: 190px) 100vw, 190px\" \/>As a signatory of the Code of Business Ethics of the Croatian Chamber of Commerce, we accept the obligation to act in accordance with the principles of responsibility, integrity, efficiency, transparency, quality, acting in good faith and respecting fair business practices towards business partners, business and social environment, and its own employees.<br \/>\nIn simple terms &#8211; what you can expect from us, is a fair business relationship, friendly communication and honest effort to make your business with us is as enjoyable as possible.<br \/>\n<a href=\"https:\/\/diversoimpex.hr\/wp-content\/uploads\/kodeks-poslovne-etike.pdf\">Code of Business Conduct<\/a><br \/>\nOne of the basic principles of our business is that as a community we operate exemplary in our environment. We have launched a number of aid initiatives in order to give its contribution to the community in which we live and work.<\/p>","protected":false},"excerpt":{"rendered":"<p>Maritime training center Diverso Impex Maritime training and crewing center DIVERSO IMPEX LLC is among the first companies that started with the professional training of seafarers in Croatia. Seafarers Training takes place on the cutting-edge teaching and simulation equipment (Wartsila-Transas &#8230;<\/p>\n<a class=\"read-more-btn\" href=\"https:\/\/diversoimpex.hr\/en\/maritime-training-center\/\">Read more &#8250;&#8250;<\/a>","protected":false},"author":2,"featured_media":0,"parent":0,"menu_order":1,"comment_status":"open","ping_status":"closed","template":"page-templates\/full-width-page.php","meta":{"inline_featured_image":false,"footnotes":""},"class_list":["post-19","page","type-page","status-publish","hentry"],"yoast_head":"<!-- This site is optimized with the Yoast SEO plugin v27.3 - https:\/\/yoast.com\/product\/yoast-seo-wordpress\/ -->\n<title>Maritime training center Diverso Impex - About us<\/title>\n<meta name=\"description\" content=\"{:hr}DIVERSO IMPEX pomorsko u\u010dili\u0161te: stru\u010dna izobrazba pomoraca u Splitu. Edukacija za pomorce, moderna oprema: simulator, radar, brodica{:en}Maritime training and crewing center DIVERSO IMPEX LLC is among the first companies that started with the professional training of seafarers in Croatia.{:}\" \/>\n<meta name=\"robots\" content=\"index, follow, max-snippet:-1, max-image-preview:large, max-video-preview:-1\" \/>\n<link rel=\"canonical\" href=\"https:\/\/diversoimpex.hr\/pomorsko-uciliste\/\" \/>\n<meta name=\"twitter:label1\" content=\"Est. reading time\" \/>\n\t<meta name=\"twitter:data1\" content=\"12 minutes\" \/>\n<script type=\"application\/ld+json\" class=\"yoast-schema-graph\">{\"@context\":\"https:\\\/\\\/schema.org\",\"@graph\":[{\"@type\":\"WebPage\",\"@id\":\"https:\\\/\\\/diversoimpex.hr\\\/pomorsko-uciliste\\\/\",\"url\":\"https:\\\/\\\/diversoimpex.hr\\\/pomorsko-uciliste\\\/\",\"name\":\"[:hr]Pomorsko u\u010dili\u0161te Diverso Impex, Split - O nama[:en]Maritime training center Diverso Impex - About us[:]\",\"isPartOf\":{\"@id\":\"https:\\\/\\\/diversoimpex.hr\\\/#website\"},\"primaryImageOfPage\":{\"@id\":\"https:\\\/\\\/diversoimpex.hr\\\/pomorsko-uciliste\\\/#primaryimage\"},\"image\":{\"@id\":\"https:\\\/\\\/diversoimpex.hr\\\/pomorsko-uciliste\\\/#primaryimage\"},\"thumbnailUrl\":\"https:\\\/\\\/diversoimpex.hr\\\/wp-content\\\/uploads\\\/2014\\\/06\\\/employee-199x300.jpg\",\"datePublished\":\"2016-11-28T09:00:00+00:00\",\"dateModified\":\"2022-12-08T08:31:07+00:00\",\"description\":\"{:hr}DIVERSO IMPEX pomorsko u\u010dili\u0161te: stru\u010dna izobrazba pomoraca u Splitu. Edukacija za pomorce, moderna oprema: simulator, radar, brodica{:en}Maritime training and crewing center DIVERSO IMPEX LLC is among the first companies that started with the professional training of seafarers in Croatia.{:}\",\"breadcrumb\":{\"@id\":\"https:\\\/\\\/diversoimpex.hr\\\/pomorsko-uciliste\\\/#breadcrumb\"},\"inLanguage\":\"en-US\",\"potentialAction\":[{\"@type\":\"ReadAction\",\"target\":[\"https:\\\/\\\/diversoimpex.hr\\\/pomorsko-uciliste\\\/\"]}]},{\"@type\":\"ImageObject\",\"inLanguage\":\"en-US\",\"@id\":\"https:\\\/\\\/diversoimpex.hr\\\/pomorsko-uciliste\\\/#primaryimage\",\"url\":\"https:\\\/\\\/diversoimpex.hr\\\/wp-content\\\/uploads\\\/2014\\\/06\\\/employee-199x300.jpg\",\"contentUrl\":\"https:\\\/\\\/diversoimpex.hr\\\/wp-content\\\/uploads\\\/2014\\\/06\\\/employee-199x300.jpg\"},{\"@type\":\"BreadcrumbList\",\"@id\":\"https:\\\/\\\/diversoimpex.hr\\\/pomorsko-uciliste\\\/#breadcrumb\",\"itemListElement\":[{\"@type\":\"ListItem\",\"position\":1,\"name\":\"Home\",\"item\":\"https:\\\/\\\/diversoimpex.hr\\\/\"},{\"@type\":\"ListItem\",\"position\":2,\"name\":\"O nama\"}]},{\"@type\":\"WebSite\",\"@id\":\"https:\\\/\\\/diversoimpex.hr\\\/#website\",\"url\":\"https:\\\/\\\/diversoimpex.hr\\\/\",\"name\":\"Diverso Impex\",\"description\":\"Maritime training and crewing center\",\"publisher\":{\"@id\":\"https:\\\/\\\/diversoimpex.hr\\\/#organization\"},\"potentialAction\":[{\"@type\":\"SearchAction\",\"target\":{\"@type\":\"EntryPoint\",\"urlTemplate\":\"https:\\\/\\\/diversoimpex.hr\\\/?s={search_term_string}\"},\"query-input\":{\"@type\":\"PropertyValueSpecification\",\"valueRequired\":true,\"valueName\":\"search_term_string\"}}],\"inLanguage\":\"en-US\"},{\"@type\":\"Organization\",\"@id\":\"https:\\\/\\\/diversoimpex.hr\\\/#organization\",\"name\":\"Diverso Impex\",\"url\":\"https:\\\/\\\/diversoimpex.hr\\\/\",\"logo\":{\"@type\":\"ImageObject\",\"inLanguage\":\"en-US\",\"@id\":\"https:\\\/\\\/diversoimpex.hr\\\/#\\\/schema\\\/logo\\\/image\\\/\",\"url\":\"https:\\\/\\\/diversoimpex.hr\\\/wp-content\\\/uploads\\\/2015\\\/04\\\/diverso-impex-logo.png\",\"contentUrl\":\"https:\\\/\\\/diversoimpex.hr\\\/wp-content\\\/uploads\\\/2015\\\/04\\\/diverso-impex-logo.png\",\"width\":800,\"height\":800,\"caption\":\"Diverso Impex\"},\"image\":{\"@id\":\"https:\\\/\\\/diversoimpex.hr\\\/#\\\/schema\\\/logo\\\/image\\\/\"},\"sameAs\":[\"https:\\\/\\\/www.facebook.com\\\/diversoimpex\",\"https:\\\/\\\/x.com\\\/diversoimpex\",\"https:\\\/\\\/www.youtube.com\\\/channel\\\/UCKmwcYNa3OOaWIda-hEOylQ\"]}]}<\/script>\n<!-- \/ Yoast SEO plugin. -->","yoast_head_json":{"title":"[:hr]Pomorsko u\u010dili\u0161te Diverso Impex, Split - O nama[:en]Maritime training center Diverso Impex - About us[:]","description":"{:hr}DIVERSO IMPEX pomorsko u\u010dili\u0161te: stru\u010dna izobrazba pomoraca u Splitu. Edukacija za pomorce, moderna oprema: simulator, radar, brodica{:en}Maritime training and crewing center DIVERSO IMPEX LLC is among the first companies that started with the professional training of seafarers in Croatia.{:}","robots":{"index":"index","follow":"follow","max-snippet":"max-snippet:-1","max-image-preview":"max-image-preview:large","max-video-preview":"max-video-preview:-1"},"canonical":"https:\/\/diversoimpex.hr\/pomorsko-uciliste\/","twitter_misc":{"Est. reading time":"12 minutes"},"schema":{"@context":"https:\/\/schema.org","@graph":[{"@type":"WebPage","@id":"https:\/\/diversoimpex.hr\/pomorsko-uciliste\/","url":"https:\/\/diversoimpex.hr\/pomorsko-uciliste\/","name":"[:hr]Pomorsko u\u010dili\u0161te Diverso Impex, Split - O nama[:en]Maritime training center Diverso Impex - About us[:]","isPartOf":{"@id":"https:\/\/diversoimpex.hr\/#website"},"primaryImageOfPage":{"@id":"https:\/\/diversoimpex.hr\/pomorsko-uciliste\/#primaryimage"},"image":{"@id":"https:\/\/diversoimpex.hr\/pomorsko-uciliste\/#primaryimage"},"thumbnailUrl":"https:\/\/diversoimpex.hr\/wp-content\/uploads\/2014\/06\/employee-199x300.jpg","datePublished":"2016-11-28T09:00:00+00:00","dateModified":"2022-12-08T08:31:07+00:00","description":"{:hr}DIVERSO IMPEX pomorsko u\u010dili\u0161te: stru\u010dna izobrazba pomoraca u Splitu. Edukacija za pomorce, moderna oprema: simulator, radar, brodica{:en}Maritime training and crewing center DIVERSO IMPEX LLC is among the first companies that started with the professional training of seafarers in Croatia.{:}","breadcrumb":{"@id":"https:\/\/diversoimpex.hr\/pomorsko-uciliste\/#breadcrumb"},"inLanguage":"en-US","potentialAction":[{"@type":"ReadAction","target":["https:\/\/diversoimpex.hr\/pomorsko-uciliste\/"]}]},{"@type":"ImageObject","inLanguage":"en-US","@id":"https:\/\/diversoimpex.hr\/pomorsko-uciliste\/#primaryimage","url":"https:\/\/diversoimpex.hr\/wp-content\/uploads\/2014\/06\/employee-199x300.jpg","contentUrl":"https:\/\/diversoimpex.hr\/wp-content\/uploads\/2014\/06\/employee-199x300.jpg"},{"@type":"BreadcrumbList","@id":"https:\/\/diversoimpex.hr\/pomorsko-uciliste\/#breadcrumb","itemListElement":[{"@type":"ListItem","position":1,"name":"Home","item":"https:\/\/diversoimpex.hr\/"},{"@type":"ListItem","position":2,"name":"O nama"}]},{"@type":"WebSite","@id":"https:\/\/diversoimpex.hr\/#website","url":"https:\/\/diversoimpex.hr\/","name":"Diverso Impex","description":"Maritime training and crewing center","publisher":{"@id":"https:\/\/diversoimpex.hr\/#organization"},"potentialAction":[{"@type":"SearchAction","target":{"@type":"EntryPoint","urlTemplate":"https:\/\/diversoimpex.hr\/?s={search_term_string}"},"query-input":{"@type":"PropertyValueSpecification","valueRequired":true,"valueName":"search_term_string"}}],"inLanguage":"en-US"},{"@type":"Organization","@id":"https:\/\/diversoimpex.hr\/#organization","name":"Diverso Impex","url":"https:\/\/diversoimpex.hr\/","logo":{"@type":"ImageObject","inLanguage":"en-US","@id":"https:\/\/diversoimpex.hr\/#\/schema\/logo\/image\/","url":"https:\/\/diversoimpex.hr\/wp-content\/uploads\/2015\/04\/diverso-impex-logo.png","contentUrl":"https:\/\/diversoimpex.hr\/wp-content\/uploads\/2015\/04\/diverso-impex-logo.png","width":800,"height":800,"caption":"Diverso Impex"},"image":{"@id":"https:\/\/diversoimpex.hr\/#\/schema\/logo\/image\/"},"sameAs":["https:\/\/www.facebook.com\/diversoimpex","https:\/\/x.com\/diversoimpex","https:\/\/www.youtube.com\/channel\/UCKmwcYNa3OOaWIda-hEOylQ"]}]}},"_links":{"self":[{"href":"https:\/\/diversoimpex.hr\/en\/wp-json\/wp\/v2\/pages\/19","targetHints":{"allow":["GET"]}}],"collection":[{"href":"https:\/\/diversoimpex.hr\/en\/wp-json\/wp\/v2\/pages"}],"about":[{"href":"https:\/\/diversoimpex.hr\/en\/wp-json\/wp\/v2\/types\/page"}],"author":[{"embeddable":true,"href":"https:\/\/diversoimpex.hr\/en\/wp-json\/wp\/v2\/users\/2"}],"replies":[{"embeddable":true,"href":"https:\/\/diversoimpex.hr\/en\/wp-json\/wp\/v2\/comments?post=19"}],"version-history":[{"count":27,"href":"https:\/\/diversoimpex.hr\/en\/wp-json\/wp\/v2\/pages\/19\/revisions"}],"predecessor-version":[{"id":6853,"href":"https:\/\/diversoimpex.hr\/en\/wp-json\/wp\/v2\/pages\/19\/revisions\/6853"}],"wp:attachment":[{"href":"https:\/\/diversoimpex.hr\/en\/wp-json\/wp\/v2\/media?parent=19"}],"curies":[{"name":"wp","href":"https:\/\/api.w.org\/{rel}","templated":true}]}}